{"id":16,"date":"2022-07-28T17:44:47","date_gmt":"2022-07-28T17:44:47","guid":{"rendered":"https:\/\/www.mk-journal.de\/?page_id=16"},"modified":"2025-08-26T09:36:51","modified_gmt":"2025-08-26T07:36:51","slug":"impressum","status":"publish","type":"page","link":"https:\/\/www.mk-journal.de\/index.php\/impressum\/","title":{"rendered":"Impressum"},"content":{"rendered":"\r\n<p><strong>Angaben gem\u00e4\u00df \u00a7 5 TMG<\/strong><\/p>\r\n\r\n\r\n\r\n<p>Hendrik Klein<br \/>Hagener Str. 3<br \/>58642 Iserlohn<\/p>\r\n\r\n\r\n\r\n<p><strong>Kontakt<\/strong><\/p>\r\n\r\n\r\n\r\n<p>Telefon: +49 160 8845614<br \/>E-Mail: <a href=\"mailto:h.klein@mk-journal.de\" target=\"_blank\" rel=\"noreferrer noopener\">info@mk-journal.de<\/a><\/p>\r\n\r\n\r\n\r\n<p><strong>Redaktionell verantwortlich<\/strong><\/p>\r\n\r\n\r\n\r\n<p>Hendrik Klein<\/p>\r\n\r\n\r\n\r\n<p><strong>Redakteure<\/strong><\/p>\r\n\r\n\r\n\r\n<p>Jenny Musall, Sebastian Sendlak, Janina Krnjajic<\/p>\r\n\r\n\r\n\r\n<p><strong>Fotonachweis<\/strong><em> (wenn nicht anders vermerkt)<\/em><\/p>\r\n\r\n\r\n\r\n<p>Hendrik Klein, Jenny Musall, Sebastian Sendlak<\/p>\r\n\r\n\r\n\r\n<p>Quelle:<br \/><a href=\"http:\/\/e-recht24.de\" target=\"_blank\" rel=\"noreferrer noopener\" data-type=\"URL\" data-id=\"e-recht24.de\">e-recht24.de<\/a><\/p>\r\n\r\n\r\n<hr class=\"wp-block-separator has-alpha-channel-opacity\" \/>\r\n\r\n\r\n<p><strong>Copyright<\/strong><\/p>\r\n\r\n\r\n\r\n<p>Das Layout der Homepage, die verwendeten Grafiken und Bilder, die Sammlung sowie die einzelnen Beitr\u00e4ge sind urheberrechtlich gesch\u00fctzt. Alle Rechte, auch die der fotomechanischen Wiedergabe, der Vervielf\u00e4ltigung und der Verbreitung mittels besonderer Verfahren (z.B. Datenverarbeitung, Datentr\u00e4ger und Datennetze), auch teilweise, beh\u00e4lt sich die Agentur vor. F\u00fcr etwaige Satzfehler sowie f\u00fcr die Richtigkeit der Eintragungen \u00fcbernimmt wave.inc Medien keine Gew\u00e4hr.<\/p>\r\n\r\n\r\n\r\n<p><strong>Internet-Bedingungen<\/strong><\/p>\r\n\r\n\r\n\r\n<p>Das Internet arbeitet als dezentraler Netzwerkverbund mit der Zwischenspeicherung und Weitergabe tempor\u00e4rer Daten. Eine Gew\u00e4hr f\u00fcr den Ausschluss von Manipulation, von versehentlichem Verf\u00e4lschen und Gew\u00e4hr f\u00fcr die Verwendung nur aktueller Daten (z.B. alte Version noch im Cache) auf dem Verbindungsweg Anbieter-zu-Nutzer kann es zur Zeit daher nicht geben. Auf diese systembedingte Einschr\u00e4nkung weisen wir daher wie folgt hin: Sie erhalten diese Daten unter den Bedingungen des Internet. F\u00fcr die Richtigkeit der Angaben und die \u00dcbereinstimmung mit den Ursprungsdaten kann daher keine Gew\u00e4hr \u00fcbernommen werden.<\/p>\r\n\r\n\r\n\r\n<p><strong>Externe Links<\/strong><\/p>\r\n\r\n\r\n\r\n<p>Mit dem Urteil vom 12. Mai 1998 hat das LG Hamburg entschieden, dass man durch die Ausbringung eines Links die Inhalte der gelinkten Seite ggf. mit zu verantworten hat. Dies kann, so das LG, nur dadurch verhindert werden, dass man sich ausdr\u00fccklich von diesen Inhalten distanziert. Wir haben auf unseren Seiten Links zu anderen Seiten im Internet gelegt. F\u00fcr alle diese Links gilt: Wir erkl\u00e4ren ausdr\u00fccklich, dass wir keinerlei Einfluss auf die Gestaltung und die Inhalte der gelinkten Seiten haben.<\/p>\r\n\r\n\r\n\r\n<p>Deshalb distanzieren wir uns hiermit ausdr\u00fccklich von allen Inhalten aller gelinkten Seiten auf unserer Homepage und machen uns diese Inhalte nicht zu Eigen. Diese Erkl\u00e4rung gilt f\u00fcr alle auf unserer Homepage angezeigten Links und f\u00fcr alle Inhalte der Seiten, zu denen die bei uns gemeldeten Banner und Links f\u00fchren.<\/p>\r\n","protected":false},"excerpt":{"rendered":"<p>Angaben gem\u00e4\u00df \u00a7 5 TMG Hendrik KleinHagener Str. 358642 Iserlohn  [&#8230;]<\/p>\n","protected":false},"author":2,"featured_media":0,"parent":0,"menu_order":0,"comment_status":"closed","ping_status":"closed","template":"","meta":{"two_page_speed":[],"footnotes":""},"class_list":["post-16","page","type-page","status-publish","hentry"],"_links":{"self":[{"href":"https:\/\/www.mk-journal.de\/index.php\/wp-json\/wp\/v2\/pages\/16","targetHints":{"allow":["GET"]}}],"collection":[{"href":"https:\/\/www.mk-journal.de\/index.php\/wp-json\/wp\/v2\/pages"}],"about":[{"href":"https:\/\/www.mk-journal.de\/index.php\/wp-json\/wp\/v2\/types\/page"}],"author":[{"embeddable":true,"href":"https:\/\/www.mk-journal.de\/index.php\/wp-json\/wp\/v2\/users\/2"}],"replies":[{"embeddable":true,"href":"https:\/\/www.mk-journal.de\/index.php\/wp-json\/wp\/v2\/comments?post=16"}],"version-history":[{"count":7,"href":"https:\/\/www.mk-journal.de\/index.php\/wp-json\/wp\/v2\/pages\/16\/revisions"}],"predecessor-version":[{"id":21070,"href":"https:\/\/www.mk-journal.de\/index.php\/wp-json\/wp\/v2\/pages\/16\/revisions\/21070"}],"wp:attachment":[{"href":"https:\/\/www.mk-journal.de\/index.php\/wp-json\/wp\/v2\/media?parent=16"}],"curies":[{"name":"wp","href":"https:\/\/api.w.org\/{rel}","templated":true}]}}