{"id":23,"date":"2022-07-28T17:45:58","date_gmt":"2022-07-28T17:45:58","guid":{"rendered":"https:\/\/www.mk-journal.de\/?page_id=23"},"modified":"2022-09-28T08:55:54","modified_gmt":"2022-09-28T08:55:54","slug":"wir-ueber-uns","status":"publish","type":"page","link":"https:\/\/www.mk-journal.de\/index.php\/wir-ueber-uns\/","title":{"rendered":"Wir \u00fcber uns"},"content":{"rendered":"\n<p>Herzlich willkommen!<\/p>\n\n\n\n<p>Sch\u00f6n, dass Sie sich f\u00fcr das \u201eMK Journal\u201c interessieren. Sagen Sie nicht, och, noch ein lokales Internet-Portal. Ja, es gibt in unserer Region bereits entsprechende Angebote. Warum also \u201eMK Journal\u201c? Weil auch der Blick \u00fcber die Stadt- oder Gemeindegrenze lohnt. Deshalb der Untertitel \u201eWIR im M\u00e4rkischen Kreis\u201c.<\/p>\n\n\n\n<p class=\"has-text-align-center\"><img decoding=\"async\" class=\"lazyload wp-image-191\" style=\"width: 300px;\" src=\"data:image\/gif;base64,R0lGODlhAQABAAAAACH5BAEKAAEALAAAAAABAAEAAAICTAEAOw==\" data-orig-src=\"https:\/\/www.mk-journal.de\/wp-content\/uploads\/2022\/08\/262739132_5021033837925823_8456922777977323975_n.jpg\" alt=\"\"><\/p>\n\n\n\n<p class=\"has-text-align-left\">Warum sollten Iserlohner nicht mal mit der Museumseisenbahn in Herscheid fahren. F\u00fcr Kiersper ist ein Besuch im Sauerlandpark in Hemer oder im Barendorf in Iserlohn sicher ebenso interessant wie ein Konzertbesuch in der Balver H\u00f6hle. Ein Spiel der Iserlohn Roosters in der Eissporthalle am Seilersee ist immer ein Erlebnis.<\/p>\n\n\n\n<p>Das \u201eMK Journal\u201c will aber mehr, wir werden uns einmischen und meinungsfreudig sein, wann immer es erforderlich ist. Der gesch\u00e4rfte Blick auf die kommunalpolitische Arbeit in den St\u00e4dten und Gemeinden sowie im Kreistag geh\u00f6rt zum Anspruch des \u201eMK Journals\u201c. Auch hier wird, falls erforderlich, der mediale Finger in die Wunde gelegt. Dabei wird aber niemals aus den Augen verloren, dass unsere Kommunalpolitikerinnen und -politiker ihre Entscheidungen nach bestem Wissen und Gewissen treffen. Sie opfern f\u00fcr zumeist geringes Sitzungsgeld ihre Freizeit f\u00fcr uns B\u00fcrgerinnen und B\u00fcrger. Daf\u00fcr haben sie zun\u00e4chst einmal unseren Respekt verdient. Ein Freibrief f\u00fcr unkorrektes oder selbstherrliches Handeln kann das aber nicht sein.<\/p>\n\n\n\n<p>Ohne die vielen Ehrenamtlichen, die zwischen Ruhr, Lenne und Volme in vielf\u00e4ltiger Weise unser Gemeinwohl bereichern, w\u00e4re unsere Gemeinschaft um vieles \u00e4rmer &#8211; manches w\u00fcrde gar nicht mehr funktionieren. Auch diesen M\u00e4nnern und Frauen geb\u00fchrt Anerkennung und Dank. Daf\u00fcr tritt das \u201eMK Journal\u201c auch ein.<\/p>\n\n\n\n<p>Polizei, Feuerwehr und Rettungskr\u00e4fte sorgen f\u00fcr unser aller Sicherheit und Wohlergehen. Auch sie verdienen unseren Respekt. M\u00f6gliches Fehlverhalten wird ger\u00fcgt, das schm\u00e4lert aber die Wertsch\u00e4tzung f\u00fcr alle anderen Einsatzkr\u00e4fte keinesfalls.<\/p>\n\n\n\n<p>WIR im M\u00e4rkischen Kreis leben in einer liebenswerten, wirtschaftlich starken Region, in der es sich gut leben l\u00e4sst. Das sollten wir sch\u00e4tzen, uns dar\u00fcber freuen und es anderen sagen. Daf\u00fcr steht das \u201eMK Journal\u201c \u2013 kritisch falls n\u00f6tig, lobend wenn m\u00f6glich. (Henk)<\/p>\n","protected":false},"excerpt":{"rendered":"<p>Herzlich willkommen! Sch\u00f6n, dass Sie sich f\u00fcr das \u201eMK Journal\u201c  [&#8230;]<\/p>\n","protected":false},"author":2,"featured_media":0,"parent":0,"menu_order":0,"comment_status":"closed","ping_status":"closed","template":"","meta":{"two_page_speed":[],"footnotes":""},"class_list":["post-23","page","type-page","status-publish","hentry"],"_links":{"self":[{"href":"https:\/\/www.mk-journal.de\/index.php\/wp-json\/wp\/v2\/pages\/23","targetHints":{"allow":["GET"]}}],"collection":[{"href":"https:\/\/www.mk-journal.de\/index.php\/wp-json\/wp\/v2\/pages"}],"about":[{"href":"https:\/\/www.mk-journal.de\/index.php\/wp-json\/wp\/v2\/types\/page"}],"author":[{"embeddable":true,"href":"https:\/\/www.mk-journal.de\/index.php\/wp-json\/wp\/v2\/users\/2"}],"replies":[{"embeddable":true,"href":"https:\/\/www.mk-journal.de\/index.php\/wp-json\/wp\/v2\/comments?post=23"}],"version-history":[{"count":3,"href":"https:\/\/www.mk-journal.de\/index.php\/wp-json\/wp\/v2\/pages\/23\/revisions"}],"predecessor-version":[{"id":975,"href":"https:\/\/www.mk-journal.de\/index.php\/wp-json\/wp\/v2\/pages\/23\/revisions\/975"}],"wp:attachment":[{"href":"https:\/\/www.mk-journal.de\/index.php\/wp-json\/wp\/v2\/media?parent=23"}],"curies":[{"name":"wp","href":"https:\/\/api.w.org\/{rel}","templated":true}]}}